{"id":447,"date":"2022-09-01T06:31:34","date_gmt":"2022-09-01T06:31:34","guid":{"rendered":"https:\/\/silentium-porec.hr\/politika-privatnosti\/"},"modified":"2023-01-03T14:03:47","modified_gmt":"2023-01-03T14:03:47","slug":"politica-sulla-riservatezza","status":"publish","type":"page","link":"https:\/\/silentium-porec.hr\/it\/politica-sulla-riservatezza\/","title":{"rendered":"Politica sulla riservatezza"},"content":{"rendered":"<p>[et_pb_section fb_built=&#8221;1&#8243; custom_padding_last_edited=&#8221;on|desktop&#8221; admin_label=&#8221;Header&#8221; _builder_version=&#8221;4.18.0&#8243; use_background_color_gradient=&#8221;on&#8221; background_color_gradient_type=&#8221;circular&#8221; background_color_gradient_direction_radial=&#8221;top left&#8221; background_color_gradient_stops=&#8221;rgba(230,231,232,0.7) 0%|rgba(41,41,41,0.6) 46%&#8221; background_color_gradient_overlays_image=&#8221;on&#8221; background_color_gradient_start=&#8221;rgba(0,79,140,0.34)&#8221; background_color_gradient_end=&#8221;rgba(0,56,94,0.75)&#8221; background_color_gradient_end_position=&#8221;50%&#8221; background_image=&#8221;https:\/\/silentium-porec.hr\/wp-content\/uploads\/2022\/10\/Silentium-kontakt-banner.jpg&#8221; background_position=&#8221;top_center&#8221; custom_padding=&#8221;10vh|0|12vh||false|false&#8221; custom_padding_tablet=&#8221;10vh||10vh||false&#8221; custom_padding_phone=&#8221;5vh||5vh||false&#8221; top_divider_color=&#8221;rgba(12,113,195,0.11)&#8221; top_divider_height=&#8221;750px&#8221; top_divider_flip=&#8221;horizontal&#8221; bottom_divider_style=&#8221;curve&#8221; bottom_divider_color=&#8221;#ffffff&#8221; bottom_divider_height=&#8221;3vw&#8221; bottom_divider_flip=&#8221;vertical&#8221; global_colors_info=&#8221;{}&#8221;][et_pb_row _builder_version=&#8221;4.19.4&#8243; hover_enabled=&#8221;0&#8243; global_colors_info=&#8221;{}&#8221; sticky_enabled=&#8221;0&#8243;][et_pb_column type=&#8221;4_4&#8243; _builder_version=&#8221;4.16&#8243; custom_padding=&#8221;|||&#8221; global_colors_info=&#8221;{}&#8221; custom_padding__hover=&#8221;|||&#8221;][et_pb_text _builder_version=&#8221;4.19.4&#8243; text_font=&#8221;||||||||&#8221; ul_font=&#8221;||||||||&#8221; ol_font=&#8221;||||||||&#8221; header_font=&#8221;Vollkorn||||||||&#8221; header_font_size=&#8221;84px&#8221; header_letter_spacing=&#8221;1px&#8221; header_line_height=&#8221;1.2em&#8221; header_2_font=&#8221;Vollkorn||||||||&#8221; header_2_font_size=&#8221;44px&#8221; header_2_letter_spacing=&#8221;1px&#8221; header_2_line_height=&#8221;1.4em&#8221; header_3_font=&#8221;||||||||&#8221; header_4_font=&#8221;||||||||&#8221; header_5_font=&#8221;||||||||&#8221; header_6_font=&#8221;||||||||&#8221; background_layout=&#8221;dark&#8221; max_width=&#8221;1000px&#8221; module_alignment=&#8221;left&#8221; custom_margin=&#8221;||20px|&#8221; animation_style=&#8221;slide&#8221; animation_direction=&#8221;left&#8221; animation_intensity_slide=&#8221;2%&#8221; hover_enabled=&#8221;0&#8243; header_font_size_tablet=&#8221;35px&#8221; header_font_size_phone=&#8221;30px&#8221; header_font_size_last_edited=&#8221;on|desktop&#8221; header_2_font_size_tablet=&#8221;35px&#8221; header_2_font_size_phone=&#8221;30px&#8221; header_2_font_size_last_edited=&#8221;on|desktop&#8221; global_colors_info=&#8221;{}&#8221; sticky_enabled=&#8221;0&#8243;]<\/p>\n<h1>Politica sulla <span>riservatezza<\/span><\/h1>\n<h2>SILENTIUM, commercio per servizi funebri<\/h2>\n<p>[\/et_pb_text][\/et_pb_column][\/et_pb_row][\/et_pb_section][et_pb_section fb_built=&#8221;1&#8243; admin_label=&#8221;section&#8221; _builder_version=&#8221;4.16&#8243; global_colors_info=&#8221;{}&#8221;][et_pb_row admin_label=&#8221;row&#8221; _builder_version=&#8221;4.16&#8243; background_size=&#8221;initial&#8221; background_position=&#8221;top_left&#8221; background_repeat=&#8221;repeat&#8221; global_colors_info=&#8221;{}&#8221; custom_padding=&#8221;26px|||||&#8221;][et_pb_column type=&#8221;4_4&#8243; _builder_version=&#8221;4.16&#8243; custom_padding=&#8221;|||&#8221; global_colors_info=&#8221;{}&#8221; custom_padding__hover=&#8221;|||&#8221;][et_pb_text admin_label=&#8221;Text&#8221; _builder_version=&#8221;4.19.4&#8243; text_line_height=&#8221;1.9em&#8221; link_font=&#8221;||||on||||&#8221; header_2_font=&#8221;Vollkorn||||||||&#8221; header_2_font_size=&#8221;35px&#8221; header_2_line_height=&#8221;1.4em&#8221; background_size=&#8221;initial&#8221; background_position=&#8221;top_left&#8221; background_repeat=&#8221;repeat&#8221; hover_enabled=&#8221;0&#8243; header_2_font_size_tablet=&#8221;30px&#8221; header_2_font_size_phone=&#8221;25px&#8221; header_2_font_size_last_edited=&#8221;on|phone&#8221; global_colors_info=&#8221;{}&#8221; sticky_enabled=&#8221;0&#8243;]<\/p>\n<h1><\/h1>\n<p><strong>SILENTIUM, commercio per servizi funebri<\/strong> rispetta la Vostra privacy e si impegna a proteggere le informazioni personali ottenute attraverso il sistema informativo online e non le condivider\u00e0 con terzi n\u00e9 le utilizzer\u00e0 per altri scopi senza il Vostro consenso.<\/p>\n<p>Il nostro sistema informativo online contiene alcuni collegamenti ad altri siti Web esterni, che non sono direttamente correlati alla nostra azienda.<\/p>\n<p><strong>SILENTIUM, commercio per servizi funebri<\/strong> non si assume alcuna responsabilit\u00e0 per la protezione dei dati presenti su questi siti web.<\/p>\n<p><strong>SILENTIUM, commercio per servizi funebri<\/strong> si impegna a fare tutto quanto in suo potere per proteggere i dati e la privacy dei visitatori della <strong>SILENTIUM, commercio per servizi funebri<\/strong><\/p>\n<p>Al fine di prevenire l&#8217;accesso non autorizzato ai dati ottenuti o la loro divulgazione, mantenere l&#8217;accuratezza dei dati personali e garantirne il corretto utilizzo, sono in atto adeguate procedure tecniche e organizzative per proteggere i dati raccolti. Visto che Internet pu\u00f2 essere imprevedibile, <strong>SILENTIUM, commercio per servizi funebri<\/strong> non pu\u00f2 impedire un possibile uso improprio dei dati nonostante tutte le misure di sicurezza e i protocolli di comunicazione di sicurezza.<\/p>\n<h2><strong>Titolare, e responsabile della protezione dei dati personali<\/strong><\/h2>\n<p>La definizione di &#8220;proprietario del sito web&#8221; e &#8220;titolare del trattamento dei dati personali&#8221; ai sensi del Regolamento generale sulla protezione dei dati (GDPR) e dell&#8217;attuale legge croata sulla protezione dei dati \u00e8:<\/p>\n<p><strong>SILENTIUM, commercio per servizi funebri<\/strong> <br \/><strong>Baderna 38b<\/strong><br \/><strong>52440, Parenzo<\/strong><br \/><strong>Croazia<\/strong><\/p>\n<h2><strong>Utenti e siti Web correlati<\/strong><\/h2>\n<p>L&#8217;utente del sito Web \u00e8 qualsiasi persona che utilizza questo sito Web e i siti Web correlati della societ\u00e0 <strong>SILENTIUM, commercio per servizi funebri<\/strong><\/p>\n<h2><strong>Dati personali: raccolta e finalit\u00e0 dei dati<\/strong><\/h2>\n<p><strong>SILENTIUM, commercio per servizi funebri<\/strong> raccoglie, dopo il consenso dell&#8217;utente, diversi dati sui visitatori del Sito al fine di identificare gli utenti. I dati vengono raccolti e utilizzati come descritto di seguito.<\/p>\n<h2><strong>Raccolta dati tramite moduli web<\/strong><\/h2>\n<p><strong>SILENTIUM, commercio per servizi funebri<\/strong> raccoglie dati personali dal sito Web &#8211; a condizione che l&#8217;utente invii volontariamente tali dati utilizzando i moduli online sul sito Web o iscrivendosi alla nostra newsletter o ad altre forme di notifica elettronica destinate alla comunicazione commerciale e di marketing con gli utenti.<\/p>\n<p><strong>Vengono raccolti i seguenti dati:<\/strong><\/p>\n<ul>\n<li><strong>Nome<\/strong><\/li>\n<li><strong>Indirizzo email<\/strong><\/li>\n<li><strong>Indirizzo IP<\/strong><\/li>\n<\/ul>\n<h2><strong>Informazioni sull&#8217;utilizzo del sito web<\/strong><\/h2>\n<p>Il sito Web pu\u00f2 raccogliere automaticamente alcune informazioni sull&#8217;hardware e sul software del computer dell&#8217;utente. Questi dati vengono utilizzati esclusivamente per fornire statistiche generali sull&#8217;utilizzo del sito web. <strong>Queste informazioni possono includere:<\/strong><\/p>\n<ul>\n<li><strong>Tipo di browser<\/strong><\/li>\n<li><strong>Nome del dominio<\/strong><\/li>\n<li><strong>Tempo di accesso<\/strong><\/li>\n<li><strong>Indirizzi dei siti Web visitati sul nostro sito Web<\/strong><\/li>\n<\/ul>\n<p>Queste informazioni vengono raccolte utilizzando i cookie. L&#8217;uso dei cookie, la loro applicazione e cancellazione, sono descritti in dettaglio nel relativo testo.<\/p>\n<h2><strong>Finalit\u00e0 del trattamento dei dati <\/strong><\/h2>\n<p><strong>Comunicazione con gli utenti<\/strong><\/p>\n<p>Per finalit\u00e0 di marketing diretto &#8211; e-mail contenenti informazioni utili, istruttive, interessanti o importanti dell&#8217;amministratore (informazioni su nuove offerte, promozioni, inviti ad eventi, partecipazione a disegni e concorsi, consigli utili per gli utenti, ecc.)<\/p>\n<p><strong>Re-marketing<\/strong> (Google, Facebook) al fine di ottenere informazioni sugli utenti migliori e pi\u00f9 pertinenti e migliorare il livello di coinvolgimento dei clienti.<\/p>\n<p><strong>Per analisi di mercato e segmentazione dei clienti<\/strong> per offerte personalizzate di prodotti e servizi.<\/p>\n<p>Sulla base dei dati personali inviati, si puo\u2019 ricevere dati personalizzati o offerte via e-mail all&#8217;indirizzo e-mail che e\u2019 stato inserito o come materiale cartaceo al Vostro indirizzo di casa.<\/p>\n<h2><strong>Analisi delle attivit\u00e0 degli utenti<\/strong><\/h2>\n<p>Segmentazione e profilazione degli utenti con l&#8217;obiettivo di ottenere informazioni personalizzate e pi\u00f9 rilevanti e ottenere una maggiore risposta alle e-mail.<\/p>\n<p>Analizzare la lettura delle e-mail, in particolare le e-mail che hai aperto o non aperto, i link su cui hai fatto clic (contenuti letti o visualizzati), il tempo trascorso a leggere o visualizzare contenuti specifici e cos\u00ec via.<\/p>\n<p>Il Sito Web pu\u00f2 raccogliere automaticamente informazioni hardware e software dai computer degli utenti, nonch\u00e9 alcune informazioni personali, come gli indirizzi IP. I dati personali raccolti visitando il sito web non sono conservati o sono conservati in forma anonima e come tali non associati agli utenti. Questi dati vengono utilizzati da Google Analytics e Google LLC che elaborano i dati come consentito dalla legge.<\/p>\n<p>I dati vengono utilizzati solo per la redazione di statistiche generali sull&#8217;utilizzo dei siti web. I dati vengono raccolti utilizzando i cookie. L&#8217;utilizzo, la gestione e la cancellazione dei cookie \u00e8 descritto pi\u00f9 approfonditamente nella sezione relativa alla cookie policy.<\/p>\n<h2><strong>Elaborazione dati<\/strong><\/h2>\n<p>L&#8217;amministratore tratta i dati in base alla legge e al suo legittimo interesse, a meno che non prevalgano gli interessi, i diritti e le libert\u00e0 fondamentali dell&#8217;utente cui si riferiscono i dati personali e che in quanto tale dovrebbe essere tutelato. Il trustee, nei limiti del suo legittimo interesse, esegue sempre il proprio giudizio sulla base della legge applicabile. L&#8217;ulteriore utilizzo dei dati in forma pseudo o aggregata (forma cumulativa), ad esempio, costituisce una forma lecita di utilizzo dei dati a fini di marketing o altre analisi commerciali o tecniche da parte di <strong>SILENTIUM, commercio per servizi funebri<\/strong>\u00a0<\/p>\n<h2><strong>Utenti di dati<\/strong><\/h2>\n<p><strong>SILENTIUM, commercio per servizi funebri<\/strong> si impegna a non vendere, affittare o scambiare i Vostri dati personali. I Vostri dati personali non saranno oggetto di trasferimento o trasferimento verso un Paese terzo o organizzazione internazionale, salve che ci\u00f2 sia richiesto dalla legge o dalla normativa dell&#8217;Unione Europea (mandate di tribunali, pubblici ministeri, ecc.).<\/p>\n<p><strong>Nell&#8217;ambito della giurisdizione i Vostri dati potranno essere comunicati a:<\/strong><\/p>\n<ul>\n<li><strong>Fornitori di servizi di tecnologia dell&#8217;informazione, nell&#8217;ambito dei loro servizi e della manutenzione di hardware e software, in cui sono archiviati i Vostri dati<\/strong><\/li>\n<li><strong>Amministratore del sito web<\/strong><\/li>\n<li><strong>In alcuni casi, fornitori di servizi (terze parti) che forniscono accesso al sito Web, sviluppo di applicazioni, hosting, manutenzione e backup, archiviazione, infrastruttura virtuale, elaborazione dei pagamenti e altri servizi che potrebbero richiedere l&#8217;accesso o l&#8217;utilizzo dei dati<\/strong><\/li>\n<\/ul>\n<p>In alcuni casi (ad esempio, remarketing) l&#8217;amministrazione dei dati avviene con terze parti che ci trasferiscono tali dati in base alla loro politica sulla privacy. In qualit\u00e0 di utente, puo\u2019 gestire i Vostri dati e informazioni e controllare la quantit\u00e0 di dati e informazioni che riceviamo da terze parti (ad esempio social media) utilizzando le impostazioni sulla privacy appropriate nei Vostri account con tali terze parti. <strong>SILENTIUM, commercio per servizi funebri<\/strong> non \u00e8 responsabile di ci\u00f2 che terze parti fanno con le Vostre informazioni personali e Vi consigliamo di utilizzare applicazioni affidabili e di configurare le impostazioni sulla privacy appropriate per proteggere le Vostre informazioni personali.<\/p>\n<p>Le pagine web di <strong>SILENTIUM, commercio per servizi funebri<\/strong> hanno collegamenti esterni a siti Web non controllati da <strong>SILENTIUM, commercio per servizi funebri<\/strong> Visitando questo sito web \u00e8 possibile trasmettere dati personali a terzi, con i quali <strong>SILENTIUM, commercio per servizi funebri<\/strong> non possiede alcun contratto per il trattamento dei dati personali. Questi siti web dispongono di proprie informative sulla privacy su cui basare il trattamento dei dati personali. Vi invitiamo a leggere l&#8217;informativa sulla privacy e scoprire come vengono elaborate le Vostre informazioni personali quando si visitano siti Web di terze parti.<\/p>\n<h2><strong>Consenso<\/strong><\/h2>\n<p>I dati personali ottenuti dall&#8217;amministratore attraverso l&#8217;uso del sito Web o forniti inviando qualsiasi modulo da uno qualsiasi dei nostri siti Web o iscrivendosi a newsletter o altre notifiche elettroniche sono trattati con il tuo consenso esplicito e inequivocabile ai sensi dell&#8217;articolo 6 (1), a) Regolamento generale sulla protezione dei dati dell&#8217;UE (GDPR).<\/p>\n<p>Acconsentire al trattamento dei dati personali di <strong>SILENTIUM, commercio per servizi funebri<\/strong> quando si utilizza il sito web e fare clic su &#8220;Invia&#8221; sui moduli web. L&#8217;amministratore fornir\u00e0 un&#8217;opzione per il Vostro consenso ogni volta che \u00e8 necessario senza una finestra di conferma. Il consenso personale dell&#8217;utente \u00e8 l&#8217;uso della sua libera volont\u00e0 affinch\u00e9 i suoi dati personali possano essere trattati per uno scopo specifico, sulla base dei dati forniti e garantiti dall&#8217;amministratore nella presente informativa sulla privacy.<\/p>\n<p>Inoltre, l&#8217;utente acconsente espressamente al trattamento dei propri dati personali ai fini del procedimento precontrattuale e della conclusione ed esecuzione contrattuale, nonch\u00e9, a titolo esemplificativo, post-contrattuale.<\/p>\n<p>Si Puo&#8217; in qualsiasi momento revocare il proprio consenso per qualsiasi finalit\u00e0 di trattamento dei dati, inviando una comunicazione scritta a mezzo posta ordinaria o al nostro indirizzo di posta elettronica <a href=\"mailto:info@silentium-porec.hr\" role=\"link\">info@silentium-porec.hr<\/a><a href=\"mailto:info@intouchinterface.hr\" role=\"link\"><\/a><span> <\/span> In questo caso, non utilizzeremo pi\u00f9 i Vostri dati personali per le finalit\u00e0 sopra descritte. Tale revoca del consenso non pregiudica la liceit\u00e0 del trattamento dei tuoi dati personali prima della revoca.<\/p>\n<h2><strong>I vostri diritti<\/strong><\/h2>\n<p>In conformit\u00e0 con la legge applicabile e il Regolamento generale sulla protezione dei dati (GDPR) dell&#8217;UE, avete il diritto di accedere, modificare, eliminare (diritto all&#8217;oblio), esportare i propri dati e limitare il trattamento dei medesimi e avete il diritto di opporvi in qualsiasi momento.<\/p>\n<p>Se desiderate esercitare uno qualsiasi dei Vostri diritti o ottenere ulteriori informazioni o presentare un reclamo formale, inviateci una comunicazione scritta a:<\/p>\n<p><strong>SILENTIUM, commercio per servizi funebri<\/strong>, Baderna 38b, 52440 Parenzo, Croazia o via e-mail all&#8217;indirizzo <a href=\"mailto:info@silentium-porec.hr\" role=\"link\">info@silentium-porec.hr<\/a><\/p>\n<p>La Vostra richiesta sar\u00e0 analizzata da una persona accreditata per la protezione dei dati personali e dara&#8217; risposta entro 30 giorni, ai sensi della legge sulla privacy e dell&#8217;articolo 37 secondo il Regolamento UE 2016\/679 del Parlamento Europeo del 27 aprile 2016.<\/p>\n<h2><strong>I Vostri diritti<\/strong><\/h2>\n<p>In conformit\u00e0 con la legge applicabile e il Regolamento generale sulla protezione dei dati (GDPR) dell&#8217;UE, avete il diritto di accedere, modificare, eliminare (diritto all&#8217;oblio), esportare i Vostri dati e limitare il trattamento dei medesimi e hai il diritto di opporti a in qualsiasi momento. I dati personali sono archiviati sul sito (come richieste di informazioni o moduli di contatto) e, in caso di ulteriori elaborazioni e comunicazioni con l&#8217;utente, in altre banche dati aziendali correlate (come CRM, software di gestione delle merci, ecc.).<\/p>\n<p>I periodi di conservazione dei dati possono variare e possono essere soggetti a regolamentazione da specifiche normative di settore (es. contabili, fiscali). Diverse legislazioni di settore prevedono diversi periodi di conservazione obbligatori richiesti da <strong>SILENTIUM, commercio per servizi funebri<\/strong> cancellare i dati personali allo scadere del periodo di conservazione.<\/p>\n<p>Come utente, avete il diritto di rivedere i dati e di dare il consenso al trattamento dei dati al responsabile del trattamento inviando una richiesta scritta <strong>SILENTIUM, commercio per servizi funebri<\/strong>, Baderna 38b, 52440 Parenzo, Croazia o via e-mail all&#8217;indirizzo <a href=\"mailto:info@silentium-porec.hr\" role=\"link\">info@silentium-porec.hr<\/a><\/p>\n<p>Esamineremo la Vostra richiesta e risponderemo in conformit\u00e0 con la normativa GDPR.<\/p>\n<h2><strong>Diritti d&#8217;autore<\/strong><\/h2>\n<p>L&#8217;amministratore di questo sito Web \u00e8 <strong>SILENTIUM, commercio per servizi funebri<\/strong> e dei contenuti pubblicati sul sito <strong>SILENTIUM, commercio per servizi funebri<\/strong> Il Sito \u00e8 di propriet\u00e0 di <strong>SILENTIUM, commercio per servizi funebri<\/strong> e possono essere utilizzati solo per scopi non commerciali, a condizione che tutti gli avvisi di copyright siano conservati e non possano essere trascritti, copiati o riprodotti in altro modo.<\/p>\n<h2><strong>Modifiche all&#8217;informativa sulla privacy<\/strong><\/h2>\n<p>L&#8217;amministratore si riserva il diritto di modificare o modificare la politica sulla privacy per gli utenti del sito Web in qualsiasi momento e senza preavviso. Suggeriamo agli utenti di verificare la data pi\u00f9 recente delle condizioni generali di utilizzo e le sue modifiche prima di utilizzare il sito web.<\/p>\n<h2><strong>Validit\u00e0<\/strong><\/h2>\n<p>L&#8217;informativa sulla privacy personale di questo sito Web \u00e8 in vigore dal 1 settembre 2022 e pu\u00f2 essere modificata o integrata in qualsiasi momento.<\/p>\n<p>[\/et_pb_text][\/et_pb_column][\/et_pb_row][\/et_pb_section]<\/p>\n","protected":false},"excerpt":{"rendered":"<p>Politica sulla riservatezza SILENTIUM, commercio per servizi funebri SILENTIUM, commercio per servizi funebri rispetta la Vostra privacy e si impegna a proteggere le informazioni personali ottenute attraverso il sistema informativo online e non le condivider\u00e0 con terzi n\u00e9 le utilizzer\u00e0 per altri scopi senza il Vostro consenso. Il nostro sistema informativo online contiene alcuni collegamenti [&hellip;]<\/p>\n","protected":false},"author":1,"featured_media":0,"parent":0,"menu_order":0,"comment_status":"closed","ping_status":"closed","template":"","meta":{"_et_pb_use_builder":"on","_et_pb_old_content":"","_et_gb_content_width":"","footnotes":""},"class_list":["post-447","page","type-page","status-publish","hentry"],"_links":{"self":[{"href":"https:\/\/silentium-porec.hr\/it\/wp-json\/wp\/v2\/pages\/447","targetHints":{"allow":["GET"]}}],"collection":[{"href":"https:\/\/silentium-porec.hr\/it\/wp-json\/wp\/v2\/pages"}],"about":[{"href":"https:\/\/silentium-porec.hr\/it\/wp-json\/wp\/v2\/types\/page"}],"author":[{"embeddable":true,"href":"https:\/\/silentium-porec.hr\/it\/wp-json\/wp\/v2\/users\/1"}],"replies":[{"embeddable":true,"href":"https:\/\/silentium-porec.hr\/it\/wp-json\/wp\/v2\/comments?post=447"}],"version-history":[{"count":13,"href":"https:\/\/silentium-porec.hr\/it\/wp-json\/wp\/v2\/pages\/447\/revisions"}],"predecessor-version":[{"id":479,"href":"https:\/\/silentium-porec.hr\/it\/wp-json\/wp\/v2\/pages\/447\/revisions\/479"}],"wp:attachment":[{"href":"https:\/\/silentium-porec.hr\/it\/wp-json\/wp\/v2\/media?parent=447"}],"curies":[{"name":"wp","href":"https:\/\/api.w.org\/{rel}","templated":true}]}}