{"id":440,"date":"2022-09-01T10:15:42","date_gmt":"2022-09-01T10:15:42","guid":{"rendered":"https:\/\/silentium-porec.hr\/servizi\/"},"modified":"2023-01-03T13:34:08","modified_gmt":"2023-01-03T13:34:08","slug":"servizi","status":"publish","type":"page","link":"https:\/\/silentium-porec.hr\/it\/servizi\/","title":{"rendered":"Servizi"},"content":{"rendered":"<p>[et_pb_section fb_built=&#8221;1&#8243; custom_padding_last_edited=&#8221;on|desktop&#8221; admin_label=&#8221;Header&#8221; _builder_version=&#8221;4.18.0&#8243; use_background_color_gradient=&#8221;on&#8221; background_color_gradient_type=&#8221;circular&#8221; background_color_gradient_direction_radial=&#8221;top left&#8221; background_color_gradient_stops=&#8221;#292929 19%|rgba(230,231,232,0.2) 100%&#8221; background_color_gradient_overlays_image=&#8221;on&#8221; background_color_gradient_start=&#8221;rgba(0,39,91,0.75)&#8221; background_color_gradient_start_position=&#8221;19%&#8221; background_color_gradient_end=&#8221;rgba(0,56,94,0)&#8221; background_image=&#8221;https:\/\/silentium-porec.hr\/wp-content\/uploads\/2022\/10\/Silentium-usluge-banner.jpg&#8221; custom_padding=&#8221;10vh|0|20vh||false|false&#8221; custom_padding_tablet=&#8221;10vh||10vh||false&#8221; custom_padding_phone=&#8221;5vh||5vh||false&#8221; top_divider_color=&#8221;rgba(12,113,195,0.11)&#8221; top_divider_height=&#8221;750px&#8221; top_divider_flip=&#8221;horizontal&#8221; bottom_divider_style=&#8221;curve&#8221; bottom_divider_color=&#8221;#ffffff&#8221; bottom_divider_height=&#8221;3vw&#8221; bottom_divider_flip=&#8221;vertical&#8221; global_colors_info=&#8221;{}&#8221;][et_pb_row _builder_version=&#8221;4.16&#8243; global_colors_info=&#8221;{}&#8221;][et_pb_column type=&#8221;4_4&#8243; _builder_version=&#8221;4.16&#8243; custom_padding=&#8221;|||&#8221; global_colors_info=&#8221;{}&#8221; custom_padding__hover=&#8221;|||&#8221;][et_pb_text _builder_version=&#8221;4.18.0&#8243; text_font=&#8221;||||||||&#8221; ul_font=&#8221;||||||||&#8221; ol_font=&#8221;||||||||&#8221; header_font=&#8221;Vollkorn||||||||&#8221; header_font_size=&#8221;84px&#8221; header_letter_spacing=&#8221;1px&#8221; header_line_height=&#8221;1.2em&#8221; header_2_font=&#8221;Vollkorn||||||||&#8221; header_2_font_size=&#8221;44px&#8221; header_2_letter_spacing=&#8221;1px&#8221; header_2_line_height=&#8221;1.4em&#8221; header_3_font=&#8221;||||||||&#8221; header_4_font=&#8221;||||||||&#8221; header_5_font=&#8221;||||||||&#8221; header_6_font=&#8221;||||||||&#8221; background_layout=&#8221;dark&#8221; max_width=&#8221;800px&#8221; module_alignment=&#8221;left&#8221; custom_margin=&#8221;||20px|&#8221; animation_style=&#8221;slide&#8221; animation_direction=&#8221;left&#8221; animation_intensity_slide=&#8221;2%&#8221; header_font_size_tablet=&#8221;35px&#8221; header_font_size_phone=&#8221;30px&#8221; header_font_size_last_edited=&#8221;on|desktop&#8221; header_2_font_size_tablet=&#8221;35px&#8221; header_2_font_size_phone=&#8221;30px&#8221; header_2_font_size_last_edited=&#8221;on|desktop&#8221; global_colors_info=&#8221;{}&#8221;]<\/p>\n<h1>Servizi<\/h1>\n<h2>Cosa puoi aspettarti da noi?<\/h2>\n<p>[\/et_pb_text][et_pb_cta button_url=&#8221;#top&#8221; admin_label=&#8221;CTA&#8221; _builder_version=&#8221;4.18.0&#8243; header_level=&#8221;h1&#8243; header_font=&#8221;Cinzel||||||||&#8221; header_font_size=&#8221;45px&#8221; header_letter_spacing=&#8221;1px&#8221; header_line_height=&#8221;1.3em&#8221; body_font=&#8221;||||||||&#8221; body_font_size=&#8221;16px&#8221; body_line_height=&#8221;2em&#8221; use_background_color=&#8221;off&#8221; text_orientation=&#8221;left&#8221; max_width=&#8221;500px&#8221; module_alignment=&#8221;center&#8221; custom_padding=&#8221;|||&#8221; animation_style=&#8221;slide&#8221; animation_direction=&#8221;left&#8221; animation_delay=&#8221;200ms&#8221; animation_intensity_slide=&#8221;2%&#8221; header_font_size_tablet=&#8221;35px&#8221; header_font_size_phone=&#8221;30px&#8221; header_font_size_last_edited=&#8221;on|desktop&#8221; global_colors_info=&#8221;{}&#8221; button_text_size__hover_enabled=&#8221;off&#8221; button_one_text_size__hover_enabled=&#8221;off&#8221; button_two_text_size__hover_enabled=&#8221;off&#8221; button_text_color__hover_enabled=&#8221;off&#8221; button_one_text_color__hover_enabled=&#8221;off&#8221; button_two_text_color__hover_enabled=&#8221;off&#8221; button_border_width__hover_enabled=&#8221;off&#8221; button_one_border_width__hover_enabled=&#8221;off&#8221; button_two_border_width__hover_enabled=&#8221;off&#8221; button_border_color__hover_enabled=&#8221;off&#8221; button_one_border_color__hover_enabled=&#8221;off&#8221; button_two_border_color__hover_enabled=&#8221;off&#8221; button_border_radius__hover_enabled=&#8221;off&#8221; button_one_border_radius__hover_enabled=&#8221;off&#8221; button_two_border_radius__hover_enabled=&#8221;off&#8221; button_letter_spacing__hover_enabled=&#8221;off&#8221; button_one_letter_spacing__hover_enabled=&#8221;off&#8221; button_two_letter_spacing__hover_enabled=&#8221;off&#8221; button_bg_color__hover_enabled=&#8221;off&#8221; button_one_bg_color__hover_enabled=&#8221;off&#8221; button_two_bg_color__hover_enabled=&#8221;off&#8221;]<\/p>\n<p>Ti guideremo attentamente attraverso le numerose decisioni che devi prendere durante questo periodo difficile e per alleggerire il tuo fardello faremo in modo che vengano prese misure ponderate e significative.<\/p>\n<p>[\/et_pb_cta][\/et_pb_column][\/et_pb_row][\/et_pb_section][et_pb_section fb_built=&#8221;1&#8243; admin_label=&#8221;Services&#8221; _builder_version=&#8221;4.16&#8243; global_colors_info=&#8221;{}&#8221;][et_pb_row column_structure=&#8221;1_5,3_5,1_5&#8243; _builder_version=&#8221;4.16&#8243; custom_padding=&#8221;27px|0px|0|0px|false|false&#8221; global_colors_info=&#8221;{}&#8221;][et_pb_column type=&#8221;1_5&#8243; _builder_version=&#8221;4.16&#8243; custom_padding=&#8221;|||&#8221; global_colors_info=&#8221;{}&#8221; custom_padding__hover=&#8221;|||&#8221;][et_pb_divider color=&#8221;rgba(0,0,0,0.08)&#8221; divider_position=&#8221;bottom&#8221; divider_weight=&#8221;2px&#8221; _builder_version=&#8221;4.16&#8243; animation_style=&#8221;slide&#8221; animation_direction=&#8221;right&#8221; locked=&#8221;off&#8221; global_colors_info=&#8221;{}&#8221;][\/et_pb_divider][\/et_pb_column][et_pb_column type=&#8221;3_5&#8243; _builder_version=&#8221;4.16&#8243; custom_padding=&#8221;|||&#8221; global_colors_info=&#8221;{}&#8221; custom_padding__hover=&#8221;|||&#8221;][et_pb_text _builder_version=&#8221;4.18.0&#8243; text_font=&#8221;||||||||&#8221; text_font_size=&#8221;16px&#8221; header_font=&#8221;||||||||&#8221; header_2_font=&#8221;Vollkorn||||||||&#8221; header_2_font_size=&#8221;35px&#8221; header_2_line_height=&#8221;1.4em&#8221; text_orientation=&#8221;center&#8221; max_width=&#8221;600px&#8221; module_alignment=&#8221;center&#8221; header_2_font_size_tablet=&#8221;30px&#8221; header_2_font_size_phone=&#8221;25px&#8221; header_2_font_size_last_edited=&#8221;on|desktop&#8221; global_colors_info=&#8221;{}&#8221;]<\/p>\n<h2>Offriamo vari servizi che ti faranno risparmiare preoccupazioni e tempo<\/h2>\n<p>Servizio integrale guidato da un trattamento umano superiore, immediato e vicino alle famiglie.<\/p>\n<p>[\/et_pb_text][\/et_pb_column][et_pb_column type=&#8221;1_5&#8243; _builder_version=&#8221;4.16&#8243; custom_padding=&#8221;|||&#8221; global_colors_info=&#8221;{}&#8221; custom_padding__hover=&#8221;|||&#8221;][et_pb_divider color=&#8221;rgba(0,0,0,0.08)&#8221; divider_position=&#8221;bottom&#8221; divider_weight=&#8221;2px&#8221; disabled_on=&#8221;on|on|off&#8221; _builder_version=&#8221;4.16&#8243; animation_style=&#8221;slide&#8221; animation_direction=&#8221;left&#8221; locked=&#8221;off&#8221; global_colors_info=&#8221;{}&#8221;][\/et_pb_divider][\/et_pb_column][\/et_pb_row][\/et_pb_section][et_pb_section fb_built=&#8221;1&#8243; admin_label=&#8221;Services&#8221; _builder_version=&#8221;4.18.0&#8243; custom_margin=&#8221;||7vw||false|false&#8221; global_colors_info=&#8221;{}&#8221;][et_pb_row column_structure=&#8221;1_2,1_2&#8243; _builder_version=&#8221;4.19.2&#8243; hover_enabled=&#8221;0&#8243; global_colors_info=&#8221;{}&#8221; sticky_enabled=&#8221;0&#8243;][et_pb_column type=&#8221;1_2&#8243; _builder_version=&#8221;4.16&#8243; custom_padding=&#8221;|||&#8221; global_colors_info=&#8221;{}&#8221; custom_padding__hover=&#8221;|||&#8221;][et_pb_image src=&#8221;https:\/\/silentium-porec.hr\/wp-content\/uploads\/2022\/11\/organizacija-pogreba.jpg&#8221; _builder_version=&#8221;4.19.2&#8243; _module_preset=&#8221;default&#8221; hover_enabled=&#8221;0&#8243; sticky_enabled=&#8221;0&#8243;][\/et_pb_image][et_pb_divider color=&#8221;#292929&#8243; divider_weight=&#8221;5px&#8221; _builder_version=&#8221;4.18.0&#8243; max_width=&#8221;50px&#8221; height=&#8221;0px&#8221; global_colors_info=&#8221;{}&#8221;][\/et_pb_divider][et_pb_blurb title=&#8221;Organizzazione del funerale&#8221; content_max_width=&#8221;100%&#8221; _builder_version=&#8221;4.18.0&#8243; header_font=&#8221;Vollkorn||||||||&#8221; header_font_size=&#8221;20px&#8221; header_line_height=&#8221;1.5em&#8221; body_font=&#8221;||||||||&#8221; body_line_height=&#8221;1.9em&#8221; custom_margin=&#8221;||40px||false|false&#8221; animation=&#8221;off&#8221; header_font_size_tablet=&#8221;30px&#8221; header_font_size_phone=&#8221;25px&#8221; header_font_size_last_edited=&#8221;off|desktop&#8221; global_colors_info=&#8221;{}&#8221;]<\/p>\n<p>Rispettiamo e prendiamo in considerazione i tuoi desideri individuali e desideriamo incoraggiarti a prendere le decisioni giuste per te e per i tuoi cari defunti. In accordo con noi, verranno chiarite le questioni organizzative pi\u00f9 importanti legate al tipo di sepoltura, alla scelta del cimitero o all&#8217;organizzazione del servizio funebre. Ci occupiamo anche dei servizi funebri, inclusi addobbi, fiori e musica.<\/p>\n<p>[\/et_pb_blurb][\/et_pb_column][et_pb_column type=&#8221;1_2&#8243; _builder_version=&#8221;4.16&#8243; custom_padding=&#8221;|||&#8221; global_colors_info=&#8221;{}&#8221; custom_padding__hover=&#8221;|||&#8221;][et_pb_image src=&#8221;https:\/\/silentium-porec.hr\/wp-content\/uploads\/2022\/11\/obavijest-u-tisku.jpg&#8221; _builder_version=&#8221;4.19.2&#8243; _module_preset=&#8221;default&#8221; hover_enabled=&#8221;0&#8243; sticky_enabled=&#8221;0&#8243;][\/et_pb_image][et_pb_divider color=&#8221;#292929&#8243; divider_weight=&#8221;5px&#8221; _builder_version=&#8221;4.18.0&#8243; max_width=&#8221;50px&#8221; height=&#8221;0px&#8221; global_colors_info=&#8221;{}&#8221;][\/et_pb_divider][et_pb_blurb title=&#8221;Avvisi sulla stampa&#8221; content_max_width=&#8221;100%&#8221; _builder_version=&#8221;4.18.0&#8243; header_font=&#8221;Vollkorn||||||||&#8221; header_font_size=&#8221;20px&#8221; header_line_height=&#8221;1.5em&#8221; body_font=&#8221;||||||||&#8221; body_line_height=&#8221;1.9em&#8221; custom_margin=&#8221;||40px||false|false&#8221; animation=&#8221;off&#8221; header_font_size_tablet=&#8221;30px&#8221; header_font_size_phone=&#8221;25px&#8221; header_font_size_last_edited=&#8221;off|desktop&#8221; global_colors_info=&#8221;{}&#8221;]<\/p>\n<p>Vuoi un necrologio sul giornale? Saremo lieti di fornirvi una proposta testuale e di occuparci di inserire l&#8217;annuncio per voi. Vi supportiamo nella scelta delle stampe funebri e possiamo sempre consigliarvi e offrirvi un design individuale e personale di immagini commemorative e\/o una nota di ringraziamento.<\/p>\n<p>[\/et_pb_blurb][\/et_pb_column][\/et_pb_row][et_pb_row column_structure=&#8221;1_2,1_2&#8243; _builder_version=&#8221;4.16&#8243; global_colors_info=&#8221;{}&#8221;][et_pb_column type=&#8221;1_2&#8243; _builder_version=&#8221;4.16&#8243; custom_padding=&#8221;|||&#8221; global_colors_info=&#8221;{}&#8221; custom_padding__hover=&#8221;|||&#8221;][et_pb_image src=&#8221;https:\/\/silentium-porec.hr\/wp-content\/uploads\/2022\/11\/preuzimanje-i-prijevoz.jpg&#8221; _builder_version=&#8221;4.19.2&#8243; _module_preset=&#8221;default&#8221; hover_enabled=&#8221;0&#8243; sticky_enabled=&#8221;0&#8243;][\/et_pb_image][et_pb_divider color=&#8221;#292929&#8243; divider_weight=&#8221;5px&#8221; _builder_version=&#8221;4.18.0&#8243; max_width=&#8221;50px&#8221; height=&#8221;0px&#8221; global_colors_info=&#8221;{}&#8221;][\/et_pb_divider][et_pb_blurb title=&#8221;Raccolta e trasporto&#8221; content_max_width=&#8221;100%&#8221; _builder_version=&#8221;4.18.0&#8243; header_font=&#8221;Vollkorn||||||||&#8221; header_font_size=&#8221;20px&#8221; header_line_height=&#8221;1.5em&#8221; body_font=&#8221;||||||||&#8221; body_line_height=&#8221;1.9em&#8221; custom_margin=&#8221;||40px||false|false&#8221; animation=&#8221;off&#8221; header_font_size_tablet=&#8221;30px&#8221; header_font_size_phone=&#8221;25px&#8221; header_font_size_last_edited=&#8221;off|desktop&#8221; locked=&#8221;off&#8221; global_colors_info=&#8221;{}&#8221;]<\/p>\n<p>Trasporteremo il defunto entro 2 ore dalla notifica telefonica. Sul posto, i nostri dipendenti forniranno ai parenti un annuncio informativo dettagliato su ci\u00f2 che devono fare in relazione alla sepoltura, nonch\u00e9 quali documenti devono portare con s\u00e9 per ordinare il funerale. Ogni volta che hai bisogno di noi, siamo qui per te.<\/p>\n<p>[\/et_pb_blurb][\/et_pb_column][et_pb_column type=&#8221;1_2&#8243; _builder_version=&#8221;4.16&#8243; custom_padding=&#8221;|||&#8221; global_colors_info=&#8221;{}&#8221; custom_padding__hover=&#8221;|||&#8221;][et_pb_image src=&#8221;https:\/\/silentium-porec.hr\/wp-content\/uploads\/2022\/11\/glazba.jpg&#8221; _builder_version=&#8221;4.19.2&#8243; _module_preset=&#8221;default&#8221; hover_enabled=&#8221;0&#8243; sticky_enabled=&#8221;0&#8243;][\/et_pb_image][et_pb_divider color=&#8221;#292929&#8243; divider_weight=&#8221;5px&#8221; _builder_version=&#8221;4.18.0&#8243; max_width=&#8221;50px&#8221; height=&#8221;0px&#8221; global_colors_info=&#8221;{}&#8221;][\/et_pb_divider][et_pb_blurb title=&#8221;Servizi musicali&#8221; content_max_width=&#8221;100%&#8221; _builder_version=&#8221;4.18.0&#8243; header_font=&#8221;Vollkorn||||||||&#8221; header_font_size=&#8221;20px&#8221; header_line_height=&#8221;1.5em&#8221; body_font=&#8221;||||||||&#8221; body_line_height=&#8221;1.9em&#8221; custom_margin=&#8221;||40px||false|false&#8221; animation=&#8221;off&#8221; header_font_size_tablet=&#8221;30px&#8221; header_font_size_phone=&#8221;25px&#8221; header_font_size_last_edited=&#8221;off|desktop&#8221; global_colors_info=&#8221;{}&#8221;]<\/p>\n<p>Comprendiamo che organizzare un funerale pu\u00f2 essere un compito difficile. Ti togliamo la pressione di arrangiare la musica dalle tue spalle in modo che tu possa concentrarti sull&#8217;onorare la persona amata. Il nostro servizio personalizzato creer\u00e0 l&#8217;esperienza musicale perfetta e aiuter\u00e0 te e la tua congregazione, attraverso la musica, ad affrontare emozioni a volte indescrivibili.<\/p>\n<p>[\/et_pb_blurb][\/et_pb_column][\/et_pb_row][et_pb_row column_structure=&#8221;1_2,1_2&#8243; _builder_version=&#8221;4.16&#8243; global_colors_info=&#8221;{}&#8221;][et_pb_column type=&#8221;1_2&#8243; _builder_version=&#8221;4.16&#8243; custom_padding=&#8221;|||&#8221; global_colors_info=&#8221;{}&#8221; custom_padding__hover=&#8221;|||&#8221;][et_pb_image src=&#8221;https:\/\/silentium-porec.hr\/wp-content\/uploads\/2022\/11\/medunarodni-prijevoz.jpg&#8221; _builder_version=&#8221;4.19.2&#8243; _module_preset=&#8221;default&#8221; hover_enabled=&#8221;0&#8243; sticky_enabled=&#8221;0&#8243;][\/et_pb_image][et_pb_divider color=&#8221;#292929&#8243; divider_weight=&#8221;5px&#8221; _builder_version=&#8221;4.18.0&#8243; max_width=&#8221;50px&#8221; height=&#8221;0px&#8221; global_colors_info=&#8221;{}&#8221;][\/et_pb_divider][et_pb_blurb title=&#8221;Trasporto internazionale&#8221; content_max_width=&#8221;100%&#8221; _builder_version=&#8221;4.18.0&#8243; header_font=&#8221;Vollkorn||||||||&#8221; header_font_size=&#8221;20px&#8221; header_line_height=&#8221;1.5em&#8221; body_font=&#8221;||||||||&#8221; body_line_height=&#8221;1.9em&#8221; custom_margin=&#8221;||40px||false|false&#8221; animation=&#8221;off&#8221; header_font_size_tablet=&#8221;30px&#8221; header_font_size_phone=&#8221;25px&#8221; header_font_size_last_edited=&#8221;off|desktop&#8221; global_colors_info=&#8221;{}&#8221;]<\/p>\n<p>Quando qualcuno muore all&#8217;estero, i parenti in lutto spesso affrontano enormi ostacoli burocratici e talvolta richieste finanziarie irragionevolmente elevate da parte dei fornitori di servizi stranieri. Ai Servizi Funebri Silentium, saremo felici di consigliarti e lavorare con te per trovare il modo migliore per portare a casa il tuo defunto. Da molti anni organizziamo anche trasferimenti in tutto il mondo, guidiamo, ritiriamo e consegniamo il defunto in tutti i paesi europei.<\/p>\n<p>[\/et_pb_blurb][\/et_pb_column][et_pb_column type=&#8221;1_2&#8243; _builder_version=&#8221;4.16&#8243; custom_padding=&#8221;|||&#8221; global_colors_info=&#8221;{}&#8221; custom_padding__hover=&#8221;|||&#8221;][et_pb_image src=&#8221;https:\/\/silentium-porec.hr\/wp-content\/uploads\/2022\/11\/foto-i-video-snimanja.jpg&#8221; _builder_version=&#8221;4.19.2&#8243; _module_preset=&#8221;default&#8221; hover_enabled=&#8221;0&#8243; sticky_enabled=&#8221;0&#8243;][\/et_pb_image][et_pb_divider color=&#8221;#292929&#8243; divider_weight=&#8221;5px&#8221; _builder_version=&#8221;4.18.0&#8243; max_width=&#8221;50px&#8221; height=&#8221;0px&#8221; global_colors_info=&#8221;{}&#8221;][\/et_pb_divider][et_pb_blurb title=&#8221;Foto e registrazione video&#8221; content_max_width=&#8221;100%&#8221; _builder_version=&#8221;4.18.0&#8243; header_font=&#8221;Vollkorn||||||||&#8221; header_font_size=&#8221;20px&#8221; header_line_height=&#8221;1.5em&#8221; body_font=&#8221;||||||||&#8221; body_line_height=&#8221;1.9em&#8221; custom_margin=&#8221;||40px||false|false&#8221; animation=&#8221;off&#8221; header_font_size_tablet=&#8221;30px&#8221; header_font_size_phone=&#8221;25px&#8221; header_font_size_last_edited=&#8221;off|desktop&#8221; global_colors_info=&#8221;{}&#8221;]<\/p>\n<p>Quando si tratta di rendere la tua cerimonia un ricordo duraturo, hai bisogno di un professionista esperto di cui ti puoi fidare. Per foto e video perfetti, Silentium ti offre una professionalit\u00e0 senza compromessi per il tuo momento. <\/p>\n<p>[\/et_pb_blurb][\/et_pb_column][\/et_pb_row][et_pb_row column_structure=&#8221;1_2,1_2&#8243; _builder_version=&#8221;4.16&#8243; global_colors_info=&#8221;{}&#8221;][et_pb_column type=&#8221;1_2&#8243; _builder_version=&#8221;4.16&#8243; custom_padding=&#8221;|||&#8221; global_colors_info=&#8221;{}&#8221; custom_padding__hover=&#8221;|||&#8221;][et_pb_image src=&#8221;https:\/\/silentium-porec.hr\/wp-content\/uploads\/2022\/11\/organizacija-karmina.jpg&#8221; _builder_version=&#8221;4.19.2&#8243; _module_preset=&#8221;default&#8221; hover_enabled=&#8221;0&#8243; sticky_enabled=&#8221;0&#8243;][\/et_pb_image][et_pb_divider color=&#8221;#292929&#8243; divider_weight=&#8221;5px&#8221; _builder_version=&#8221;4.18.0&#8243; max_width=&#8221;50px&#8221; height=&#8221;0px&#8221; global_colors_info=&#8221;{}&#8221;][\/et_pb_divider][et_pb_blurb title=&#8221;Organizzazione dei carmi&#8221; content_max_width=&#8221;100%&#8221; _builder_version=&#8221;4.18.0&#8243; header_font=&#8221;Vollkorn||||||||&#8221; header_font_size=&#8221;20px&#8221; header_line_height=&#8221;1.5em&#8221; body_font=&#8221;||||||||&#8221; body_line_height=&#8221;1.9em&#8221; custom_margin=&#8221;||40px||false|false&#8221; animation=&#8221;off&#8221; header_font_size_tablet=&#8221;30px&#8221; header_font_size_phone=&#8221;25px&#8221; header_font_size_last_edited=&#8221;off|desktop&#8221; global_colors_info=&#8221;{}&#8221;]<\/p>\n<p>Aiutiamo a creare ricordi che riflettono i valori unici, il carattere e le tradizioni delle famiglie che serviamo. Puoi contare su di noi per aiutarti a pianificare un tributo personale e duraturo alla persona amata.<\/p>\n<p>[\/et_pb_blurb][\/et_pb_column][et_pb_column type=&#8221;1_2&#8243; _builder_version=&#8221;4.16&#8243; custom_padding=&#8221;|||&#8221; global_colors_info=&#8221;{}&#8221; custom_padding__hover=&#8221;|||&#8221;][et_pb_image src=&#8221;https:\/\/silentium-porec.hr\/wp-content\/uploads\/2022\/11\/cvijece.jpg&#8221; _builder_version=&#8221;4.19.2&#8243; _module_preset=&#8221;default&#8221; hover_enabled=&#8221;0&#8243; sticky_enabled=&#8221;0&#8243;][\/et_pb_image][et_pb_divider color=&#8221;#292929&#8243; divider_weight=&#8221;5px&#8221; _builder_version=&#8221;4.18.0&#8243; max_width=&#8221;50px&#8221; height=&#8221;0px&#8221; locked=&#8221;off&#8221; global_colors_info=&#8221;{}&#8221;][\/et_pb_divider][et_pb_blurb title=&#8221;Fiori&#8221; content_max_width=&#8221;100%&#8221; _builder_version=&#8221;4.18.0&#8243; header_font=&#8221;Vollkorn||||||||&#8221; header_font_size=&#8221;20px&#8221; header_line_height=&#8221;1.5em&#8221; body_font=&#8221;||||||||&#8221; body_line_height=&#8221;1.9em&#8221; custom_margin=&#8221;||40px||false|false&#8221; animation=&#8221;off&#8221; header_font_size_tablet=&#8221;30px&#8221; header_font_size_phone=&#8221;25px&#8221; header_font_size_last_edited=&#8221;off|desktop&#8221; locked=&#8221;off&#8221; global_colors_info=&#8221;{}&#8221;]<\/p>\n<p>Siamo a vostra disposizione per consulenze e preparazione di composizioni floreali fresche per addobbare l&#8217;impresa di pompe funebri, la chiesa, assemblare un copricuscino o una corona funebre. Tutte le composizioni sono completamente adattabili alle esigenze del cliente, secondo il suo gusto estetico o i suoi desideri. Sono realizzati esclusivamente con fiori appena selezionati e sono di altissima qualit\u00e0.<\/p>\n<p>[\/et_pb_blurb][\/et_pb_column][\/et_pb_row][\/et_pb_section]<\/p>\n","protected":false},"excerpt":{"rendered":"<p>Servizi Cosa puoi aspettarti da noi?Ti guideremo attentamente attraverso le numerose decisioni che devi prendere durante questo periodo difficile e per alleggerire il tuo fardello faremo in modo che vengano prese misure ponderate e significative.Offriamo vari servizi che ti faranno risparmiare preoccupazioni e tempo Servizio integrale guidato da un trattamento umano superiore, immediato e vicino [&hellip;]<\/p>\n","protected":false},"author":1,"featured_media":0,"parent":0,"menu_order":0,"comment_status":"closed","ping_status":"closed","template":"","meta":{"_et_pb_use_builder":"on","_et_pb_old_content":"","_et_gb_content_width":"","footnotes":""},"class_list":["post-440","page","type-page","status-publish","hentry"],"_links":{"self":[{"href":"https:\/\/silentium-porec.hr\/it\/wp-json\/wp\/v2\/pages\/440","targetHints":{"allow":["GET"]}}],"collection":[{"href":"https:\/\/silentium-porec.hr\/it\/wp-json\/wp\/v2\/pages"}],"about":[{"href":"https:\/\/silentium-porec.hr\/it\/wp-json\/wp\/v2\/types\/page"}],"author":[{"embeddable":true,"href":"https:\/\/silentium-porec.hr\/it\/wp-json\/wp\/v2\/users\/1"}],"replies":[{"embeddable":true,"href":"https:\/\/silentium-porec.hr\/it\/wp-json\/wp\/v2\/comments?post=440"}],"version-history":[{"count":2,"href":"https:\/\/silentium-porec.hr\/it\/wp-json\/wp\/v2\/pages\/440\/revisions"}],"predecessor-version":[{"id":442,"href":"https:\/\/silentium-porec.hr\/it\/wp-json\/wp\/v2\/pages\/440\/revisions\/442"}],"wp:attachment":[{"href":"https:\/\/silentium-porec.hr\/it\/wp-json\/wp\/v2\/media?parent=440"}],"curies":[{"name":"wp","href":"https:\/\/api.w.org\/{rel}","templated":true}]}}